{"id":14963,"date":"2011-10-20T03:37:50","date_gmt":"2011-10-20T03:37:50","guid":{"rendered":"http:\/\/www.cienciasdasaude.org\/portal\/?page_id=14963"},"modified":"2026-04-03T22:42:18","modified_gmt":"2026-04-03T22:42:18","slug":"pagina-inicial","status":"publish","type":"page","link":"https:\/\/heinzpechner.ddns.net\/","title":{"rendered":"P\u00e1gina inicial"},"content":{"rendered":"<p style=\"text-align: justify;\">O conte\u00fado deste dom\u00ednio foi transferido para o dom\u00ednio principal. Clique <a href=\"http:\/\/www.antonini.com.br\/\" target=\"_blank\" rel=\"noopener noreferrer\">aqui<\/a><\/p>\n<p style=\"text-align: center;\"><video controls=\"controls\" width=\"560\" height=\"x\"><source src=\"https:\/\/antonini.psc.br\/mp4\/4678.mp4\" type=\"video\/mp4\"\/><\/video><\/p>\n<p><a href=\"\/wp-admin\/\" target=\"_blank\" rel=\"noopener\">.<\/a><br \/>\n<audio src=\"https:\/\/antonini.psc.br\/mp4\/5927.mp3\" autoplay controls><\/audio><\/p>\n","protected":false},"excerpt":{"rendered":"<p>O conte\u00fado deste dom\u00ednio foi transferido para o dom\u00ednio principal. Clique aqui .<\/p>\n","protected":false},"author":1,"featured_media":0,"parent":0,"menu_order":0,"comment_status":"closed","ping_status":"closed","template":"","meta":{"ngg_post_thumbnail":0,"footnotes":""},"class_list":["post-14963","page","type-page","status-publish","hentry"],"_links":{"self":[{"href":"https:\/\/heinzpechner.ddns.net\/index.php?rest_route=\/wp\/v2\/pages\/14963","targetHints":{"allow":["GET"]}}],"collection":[{"href":"https:\/\/heinzpechner.ddns.net\/index.php?rest_route=\/wp\/v2\/pages"}],"about":[{"href":"https:\/\/heinzpechner.ddns.net\/index.php?rest_route=\/wp\/v2\/types\/page"}],"author":[{"embeddable":true,"href":"https:\/\/heinzpechner.ddns.net\/index.php?rest_route=\/wp\/v2\/users\/1"}],"replies":[{"embeddable":true,"href":"https:\/\/heinzpechner.ddns.net\/index.php?rest_route=%2Fwp%2Fv2%2Fcomments&post=14963"}],"version-history":[{"count":86,"href":"https:\/\/heinzpechner.ddns.net\/index.php?rest_route=\/wp\/v2\/pages\/14963\/revisions"}],"predecessor-version":[{"id":47755,"href":"https:\/\/heinzpechner.ddns.net\/index.php?rest_route=\/wp\/v2\/pages\/14963\/revisions\/47755"}],"wp:attachment":[{"href":"https:\/\/heinzpechner.ddns.net\/index.php?rest_route=%2Fwp%2Fv2%2Fmedia&parent=14963"}],"curies":[{"name":"wp","href":"https:\/\/api.w.org\/{rel}","templated":true}]}}